{"id":1683,"date":"2015-10-08T11:49:31","date_gmt":"2015-10-08T09:49:31","guid":{"rendered":"https:\/\/www.fechy.com\/de\/?page_id=1683"},"modified":"2017-11-22T17:43:37","modified_gmt":"2017-11-22T16:43:37","slug":"home","status":"publish","type":"page","link":"https:\/\/www.fechy.com\/de\/","title":{"rendered":"Home"},"content":{"rendered":"<p>[vc_row full_width=&#8220;stretch_row_content_no_spaces&#8220; css=&#8220;.vc_custom_1509618873763{margin-bottom: 30px !important;background-image: url(https:\/\/www.fechy.com\/wp-content\/uploads\/caveduvieuxcoteau3.jpg?id=2543) !important;background-position: center !important;background-repeat: no-repeat !important;background-size: cover !important;}&#8220; el_id=&#8220;image_header_home&#8220;][vc_column][\/vc_column][\/vc_row][vc_row][vc_column width=&#8220;1\/6&#8243;][\/vc_column][vc_column width=&#8220;2\/3&#8243;]<div class=\"sc_section aligncenter\"><div class=\"sc_section_inner\">[vc_column_text]<\/p>\n<h1 style=\"font-size: 30px; font-family: Oswald; color: #000000; font-weight: 600; text-transform: uppercase; letter-spacing: 1px; margin-bottom: 25px;\">Willkommen in der Cave du Vieux Coteau<\/h1>\n<p>Hoch oben in den H\u00fcgeln, im pittoresken Dorf F\u00e9chy-Dessus, liegt die <strong>Cave du Vieux Coteau<\/strong> und produziert Weine bester Qualit\u00e4t von unseren Parzellen, die \u00fcber das ganze Anbaugebiet des F\u00e9chy verteilt sind.<\/p>\n<p>Le Vieux Coteau ist heute bekannt f\u00fcr seine Veranstaltungen: Konzerte mit klassischer oder keltischer Musik, Rockkonzerte, aber auch Ausstellungen von Malern, Fotografen oder Bildhauern. Kurz gesagt: Kunst und Wein umarmen sich hier in einem klingenden und bunten Programm&#8230;.[\/vc_column_text]<\/div><\/div>[\/vc_column][vc_column width=&#8220;1\/6&#8243;][\/vc_column][\/vc_row][vc_row full_width=&#8220;stretch_row&#8220; css=&#8220;.vc_custom_1511345631358{margin-top: 50px !important;background-color: #212121 !important;}&#8220;][vc_column]<div class=\"sc_section scheme_dark alignleft column-1_2\" style=\"width:1535px;width:1535px;\"><div class=\"sc_section_inner\">[vc_row_inner gap=&#8220;35&#8243;][vc_column_inner width=&#8220;1\/2&#8243;]<h3 class=\"sc_title sc_title_regular sc_align_left\" style=\"font-family: Oswald; color: #000000; font-weight: 600; text-transform: uppercase; letter-spacing: 1px; margin-bottom: 25px;margin-top:30px;text-align:left;color:#ffffff;font-size:30px;\"><span style=\"line-height: 60px;\">Unsere Lieblingsweine<\/span><\/h3>[vc_column_text]<\/p>\n<p style=\"color: #fff;\">Entdecken Sie unsere Lieblingsweine, die Sie kaufen oder auch bei uns im Weinkeller degustieren k\u00f6nnen.<\/p>\n<p>[\/vc_column_text][vc_empty_space height=&#8220;62px&#8220;][vc_btn title=&#8220;ENTDECKEN SIE UNSERE PRODUKTE&#8220; style=&#8220;flat&#8220; shape=&#8220;square&#8220; align=&#8220;left&#8220; link=&#8220;url:https%3A%2F%2Ffechy.com%2Ffechy%2Fnos-produits%2F|||&#8220;][\/vc_column_inner][vc_column_inner width=&#8220;1\/2&#8243;]<div class=\"woocommerce columns-3 \"><ul class=\"products columns-3\">\n<li class=\"product type-product post-2437 status-publish first instock product_cat-rot has-post-thumbnail featured taxable shipping-taxable purchasable product-type-simple\">\n\t<a href=\"https:\/\/www.fechy.com\/de\/produit\/gamaret-cote-aoc\/\" class=\"woocommerce-LoopProduct-link woocommerce-loop-product__link\"><img loading=\"lazy\" decoding=\"async\" width=\"300\" height=\"300\" src=\"https:\/\/www.fechy.com\/wp-content\/uploads\/6-300x300.png\" class=\"attachment-woocommerce_thumbnail size-woocommerce_thumbnail\" alt=\"Gamaret La C\u00f4te AOC\" srcset=\"https:\/\/www.fechy.com\/wp-content\/uploads\/6-300x300.png 300w, https:\/\/www.fechy.com\/wp-content\/uploads\/6-150x150.png 150w, https:\/\/www.fechy.com\/wp-content\/uploads\/6-768x768.png 768w, https:\/\/www.fechy.com\/wp-content\/uploads\/6-870x870.png 870w, https:\/\/www.fechy.com\/wp-content\/uploads\/6-390x390.png 390w, https:\/\/www.fechy.com\/wp-content\/uploads\/6-75x75.png 75w, https:\/\/www.fechy.com\/wp-content\/uploads\/6-600x600.png 600w, https:\/\/www.fechy.com\/wp-content\/uploads\/6-100x100.png 100w, https:\/\/www.fechy.com\/wp-content\/uploads\/6-370x370.png 370w, https:\/\/www.fechy.com\/wp-content\/uploads\/6-760x760.png 760w, https:\/\/www.fechy.com\/wp-content\/uploads\/6.png 1000w\" sizes=\"auto, (max-width: 300px) 100vw, 300px\" \/><h2 class=\"woocommerce-loop-product__title\">Gamaret La C\u00f4te AOC<\/h2>\n\t<span class=\"price\">16.40 CHF<\/span>\n<\/a><a href=\"\/de\/wp-json\/wp\/v2\/pages\/1683?add-to-cart=2437\" aria-describedby=\"woocommerce_loop_add_to_cart_link_describedby_2437\" data-quantity=\"1\" class=\"button product_type_simple add_to_cart_button ajax_add_to_cart\" data-product_id=\"2437\" data-product_sku=\"\" aria-label=\"In den Warenkorb legen: \u201eGamaret La C\u00f4te AOC\u201c\" rel=\"nofollow\" data-success_message=\"\u201eGamaret La C\u00f4te AOC\u201c wurde deinem Warenkorb hinzugef\u00fcgt\" role=\"button\">In den Warenkorb<\/a>\t<span id=\"woocommerce_loop_add_to_cart_link_describedby_2437\" class=\"screen-reader-text\">\n\t\t\t<\/span>\n<\/li>\n<li class=\"product type-product post-2444 status-publish instock product_cat-rot has-post-thumbnail featured taxable shipping-taxable purchasable product-type-simple\">\n\t<a href=\"https:\/\/www.fechy.com\/de\/produit\/garanoir-cote-aoc\/\" class=\"woocommerce-LoopProduct-link woocommerce-loop-product__link\"><img loading=\"lazy\" decoding=\"async\" width=\"300\" height=\"300\" src=\"https:\/\/www.fechy.com\/wp-content\/uploads\/1-300x300.png\" class=\"attachment-woocommerce_thumbnail size-woocommerce_thumbnail\" alt=\"Garanoir La C\u00f4te AOC\" srcset=\"https:\/\/www.fechy.com\/wp-content\/uploads\/1-300x300.png 300w, https:\/\/www.fechy.com\/wp-content\/uploads\/1-150x150.png 150w, https:\/\/www.fechy.com\/wp-content\/uploads\/1-768x768.png 768w, https:\/\/www.fechy.com\/wp-content\/uploads\/1-870x870.png 870w, https:\/\/www.fechy.com\/wp-content\/uploads\/1-390x390.png 390w, https:\/\/www.fechy.com\/wp-content\/uploads\/1-75x75.png 75w, https:\/\/www.fechy.com\/wp-content\/uploads\/1-600x600.png 600w, https:\/\/www.fechy.com\/wp-content\/uploads\/1-100x100.png 100w, https:\/\/www.fechy.com\/wp-content\/uploads\/1-370x370.png 370w, https:\/\/www.fechy.com\/wp-content\/uploads\/1-760x760.png 760w, https:\/\/www.fechy.com\/wp-content\/uploads\/1.png 1000w\" sizes=\"auto, (max-width: 300px) 100vw, 300px\" \/><h2 class=\"woocommerce-loop-product__title\">Garanoir La C\u00f4te AOC<\/h2>\n\t<span class=\"price\">16.40 CHF<\/span>\n<\/a><a href=\"\/de\/wp-json\/wp\/v2\/pages\/1683?add-to-cart=2444\" aria-describedby=\"woocommerce_loop_add_to_cart_link_describedby_2444\" data-quantity=\"1\" class=\"button product_type_simple add_to_cart_button ajax_add_to_cart\" data-product_id=\"2444\" data-product_sku=\"\" aria-label=\"In den Warenkorb legen: \u201eGaranoir La C\u00f4te AOC\u201c\" rel=\"nofollow\" data-success_message=\"\u201eGaranoir La C\u00f4te AOC\u201c wurde deinem Warenkorb hinzugef\u00fcgt\" role=\"button\">In den Warenkorb<\/a>\t<span id=\"woocommerce_loop_add_to_cart_link_describedby_2444\" class=\"screen-reader-text\">\n\t\t\t<\/span>\n<\/li>\n<li class=\"product type-product post-2424 status-publish last instock product_cat-rot has-post-thumbnail featured taxable shipping-taxable purchasable product-type-simple\">\n\t<a href=\"https:\/\/www.fechy.com\/de\/produit\/pinot-noir-charme-feu\/\" class=\"woocommerce-LoopProduct-link woocommerce-loop-product__link\"><img loading=\"lazy\" decoding=\"async\" width=\"300\" height=\"300\" src=\"https:\/\/www.fechy.com\/wp-content\/uploads\/5-300x300.png\" class=\"attachment-woocommerce_thumbnail size-woocommerce_thumbnail\" alt=\"Pinot noir Charme feu F\u00e9chy AOC La C\u00f4te\" srcset=\"https:\/\/www.fechy.com\/wp-content\/uploads\/5-300x300.png 300w, https:\/\/www.fechy.com\/wp-content\/uploads\/5-150x150.png 150w, https:\/\/www.fechy.com\/wp-content\/uploads\/5-768x768.png 768w, https:\/\/www.fechy.com\/wp-content\/uploads\/5-870x870.png 870w, https:\/\/www.fechy.com\/wp-content\/uploads\/5-390x390.png 390w, https:\/\/www.fechy.com\/wp-content\/uploads\/5-75x75.png 75w, https:\/\/www.fechy.com\/wp-content\/uploads\/5-600x600.png 600w, https:\/\/www.fechy.com\/wp-content\/uploads\/5-100x100.png 100w, https:\/\/www.fechy.com\/wp-content\/uploads\/5-370x370.png 370w, https:\/\/www.fechy.com\/wp-content\/uploads\/5-760x760.png 760w, https:\/\/www.fechy.com\/wp-content\/uploads\/5.png 1000w\" sizes=\"auto, (max-width: 300px) 100vw, 300px\" \/><h2 class=\"woocommerce-loop-product__title\">Pinot noir Charme feu F\u00e9chy AOC La C\u00f4te<\/h2>\n\t<span class=\"price\">14.40 CHF<\/span>\n<\/a><a href=\"\/de\/wp-json\/wp\/v2\/pages\/1683?add-to-cart=2424\" aria-describedby=\"woocommerce_loop_add_to_cart_link_describedby_2424\" data-quantity=\"1\" class=\"button product_type_simple add_to_cart_button ajax_add_to_cart\" data-product_id=\"2424\" data-product_sku=\"\" aria-label=\"In den Warenkorb legen: \u201ePinot noir Charme feu F\u00e9chy AOC La C\u00f4te\u201c\" rel=\"nofollow\" data-success_message=\"\u201ePinot noir Charme feu F\u00e9chy AOC La C\u00f4te\u201c wurde deinem Warenkorb hinzugef\u00fcgt\" role=\"button\">In den Warenkorb<\/a>\t<span id=\"woocommerce_loop_add_to_cart_link_describedby_2424\" class=\"screen-reader-text\">\n\t\t\t<\/span>\n<\/li>\n<\/ul>\n<\/div>[\/vc_column_inner][\/vc_row_inner]<\/div><\/div>[vc_empty_space height=&#8220;62px&#8220;][\/vc_column][\/vc_row][vc_row full_width=&#8220;stretch_row&#8220; css=&#8220;.vc_custom_1509618528660{padding-top: 60px !important;padding-bottom: 60px !important;}&#8220;][vc_column width=&#8220;1\/2&#8243;][vc_column_text]<\/p>\n<h3 style=\"font-size: 30px; font-family: Oswald; color: #000000; font-weight: 600; text-transform: uppercase; letter-spacing: 1px; margin-bottom: 25px;\">Veranstaltungen<\/h3>\n<p>Unser Weinkeller bildet einen charmanten, idyllischen Rahmen f\u00fcr ihre Ap\u00e9roeinladungen zum Geburtstag, zur Hochzeit, f\u00fcr Firmenanl\u00e4sse oder Degustationen bis 50 Personen. Er ist rollstuhlg\u00e4ngig und mit einem Fernseher mit 130 cm Bildschirm sowie Wifi-Empfang ausgestattet.[\/vc_column_text][vc_empty_space height=&#8220;30px&#8220;][vc_btn title=&#8220;Reserveren &#8220; style=&#8220;flat&#8220; shape=&#8220;square&#8220; color=&#8220;black&#8220; align=&#8220;center&#8220; link=&#8220;url:https%3A%2F%2Ffechy.com%2Ffechy%2Fde%2Fkontakt%2F|||&#8220;][\/vc_column][vc_column width=&#8220;1\/2&#8243;][vc_gallery interval=&#8220;5&#8243; images=&#8220;2563,2565&#8243; img_size=&#8220;600&#215;400&#8243; el_id=&#8220;gallery_home&#8220;][\/vc_column][\/vc_row]<\/p>\n","protected":false},"excerpt":{"rendered":"<p>[vc_row full_width=&#8220;stretch_row_content_no_spaces&#8220; css=&#8220;.vc_custom_1509618873763{margin-bottom: 30px !important;background-image: url(https:\/\/www.fechy.com\/wp-content\/uploads\/caveduvieuxcoteau3.jpg?id=2543) !important;background-position: center !important;background-repeat: no-repeat !important;background-size: cover !important;}&#8220; el_id=&#8220;image_header_home&#8220;][vc_column][\/vc_column][\/vc_row][vc_row][vc_column width=&#8220;1\/6&#8243;][\/vc_column][vc_column width=&#8220;2\/3&#8243;][\/vc_column][vc_column width=&#8220;1\/6&#8243;][\/vc_column][\/vc_row][vc_row full_width=&#8220;stretch_row&#8220; css=&#8220;.vc_custom_1511345631358{margin-top: 50px !important;background-color: #212121 !important;}&#8220;][vc_column][vc_empty_space height=&#8220;62px&#8220;][\/vc_column][\/vc_row][vc_row full_width=&#8220;stretch_row&#8220; css=&#8220;.vc_custom_1509618528660{padding-top: 60px !important;padding-bottom: 60px !important;}&#8220;][vc_column width=&#8220;1\/2&#8243;][vc_column_text] Veranstaltungen Unser Weinkeller bildet einen charmanten, idyllischen Rahmen f\u00fcr ihre Ap\u00e9roeinladungen zum Geburtstag, zur Hochzeit, f\u00fcr Firmenanl\u00e4sse oder Degustationen bis 50 Personen. Er ist [&hellip;]<\/p>\n","protected":false},"author":1,"featured_media":0,"parent":0,"menu_order":0,"comment_status":"closed","ping_status":"closed","template":"","meta":{"footnotes":""},"class_list":["post-1683","page","type-page","status-publish","hentry"],"yoast_head":"<!-- This site is optimized with the Yoast SEO plugin v26.4 - https:\/\/yoast.com\/wordpress\/plugins\/seo\/ -->\n<title>Home - Cave de la Crausaz<\/title>\n<meta name=\"robots\" content=\"index, follow, max-snippet:-1, max-image-preview:large, max-video-preview:-1\" \/>\n<link rel=\"canonical\" href=\"https:\/\/www.fechy.com\/de\/\" \/>\n<meta property=\"og:locale\" content=\"de_DE\" \/>\n<meta property=\"og:type\" content=\"article\" \/>\n<meta property=\"og:title\" content=\"Home - Cave de la Crausaz\" \/>\n<meta property=\"og:description\" content=\"[vc_row full_width=&#8220;stretch_row_content_no_spaces&#8220; css=&#8220;.vc_custom_1509618873763{margin-bottom: 30px !important;background-image: url(https:\/\/www.fechy.com\/wp-content\/uploads\/caveduvieuxcoteau3.jpg?id=2543) !important;background-position: center !important;background-repeat: no-repeat !important;background-size: cover !important;}&#8220; el_id=&#8220;image_header_home&#8220;][vc_column][\/vc_column][\/vc_row][vc_row][vc_column width=&#8220;1\/6&#8243;][\/vc_column][vc_column width=&#8220;2\/3&#8243;][\/vc_column][vc_column width=&#8220;1\/6&#8243;][\/vc_column][\/vc_row][vc_row full_width=&#8220;stretch_row&#8220; css=&#8220;.vc_custom_1511345631358{margin-top: 50px !important;background-color: #212121 !important;}&#8220;][vc_column][vc_empty_space height=&#8220;62px&#8220;][\/vc_column][\/vc_row][vc_row full_width=&#8220;stretch_row&#8220; css=&#8220;.vc_custom_1509618528660{padding-top: 60px !important;padding-bottom: 60px !important;}&#8220;][vc_column width=&#8220;1\/2&#8243;][vc_column_text] Veranstaltungen Unser Weinkeller bildet einen charmanten, idyllischen Rahmen f\u00fcr ihre Ap\u00e9roeinladungen zum Geburtstag, zur Hochzeit, f\u00fcr Firmenanl\u00e4sse oder Degustationen bis 50 Personen. Er ist [&hellip;]\" \/>\n<meta property=\"og:url\" content=\"https:\/\/www.fechy.com\/de\/\" \/>\n<meta property=\"og:site_name\" content=\"Cave de la Crausaz\" \/>\n<meta property=\"article:publisher\" content=\"https:\/\/www.facebook.com\/cavedelacrausaz\/\" \/>\n<meta property=\"article:modified_time\" content=\"2017-11-22T16:43:37+00:00\" \/>\n<meta name=\"twitter:card\" content=\"summary_large_image\" \/>\n<meta name=\"twitter:label1\" content=\"Gesch\u00e4tzte Lesezeit\" \/>\n\t<meta name=\"twitter:data1\" content=\"2\u00a0Minuten\" \/>\n<script type=\"application\/ld+json\" class=\"yoast-schema-graph\">{\"@context\":\"https:\/\/schema.org\",\"@graph\":[{\"@type\":\"WebPage\",\"@id\":\"https:\/\/www.fechy.com\/de\/\",\"url\":\"https:\/\/www.fechy.com\/de\/\",\"name\":\"Home - Cave de la Crausaz\",\"isPartOf\":{\"@id\":\"https:\/\/www.fechy.com\/de\/#website\"},\"datePublished\":\"2015-10-08T09:49:31+00:00\",\"dateModified\":\"2017-11-22T16:43:37+00:00\",\"breadcrumb\":{\"@id\":\"https:\/\/www.fechy.com\/de\/#breadcrumb\"},\"inLanguage\":\"de\",\"potentialAction\":[{\"@type\":\"ReadAction\",\"target\":[\"https:\/\/www.fechy.com\/de\/\"]}]},{\"@type\":\"BreadcrumbList\",\"@id\":\"https:\/\/www.fechy.com\/de\/#breadcrumb\",\"itemListElement\":[{\"@type\":\"ListItem\",\"position\":1,\"name\":\"Accueil\",\"item\":\"https:\/\/www.fechy.com\/de\/\"},{\"@type\":\"ListItem\",\"position\":2,\"name\":\"Home\"}]},{\"@type\":\"WebSite\",\"@id\":\"https:\/\/www.fechy.com\/de\/#website\",\"url\":\"https:\/\/www.fechy.com\/de\/\",\"name\":\"Cave de la Crausaz\",\"description\":\"Bettems Fr\u00e8res SA - F\u00e9chy\",\"potentialAction\":[{\"@type\":\"SearchAction\",\"target\":{\"@type\":\"EntryPoint\",\"urlTemplate\":\"https:\/\/www.fechy.com\/de\/?s={search_term_string}\"},\"query-input\":{\"@type\":\"PropertyValueSpecification\",\"valueRequired\":true,\"valueName\":\"search_term_string\"}}],\"inLanguage\":\"de\"}]}<\/script>\n<!-- \/ Yoast SEO plugin. -->","yoast_head_json":{"title":"Home - Cave de la Crausaz","robots":{"index":"index","follow":"follow","max-snippet":"max-snippet:-1","max-image-preview":"max-image-preview:large","max-video-preview":"max-video-preview:-1"},"canonical":"https:\/\/www.fechy.com\/de\/","og_locale":"de_DE","og_type":"article","og_title":"Home - Cave de la Crausaz","og_description":"[vc_row full_width=&#8220;stretch_row_content_no_spaces&#8220; css=&#8220;.vc_custom_1509618873763{margin-bottom: 30px !important;background-image: url(https:\/\/www.fechy.com\/wp-content\/uploads\/caveduvieuxcoteau3.jpg?id=2543) !important;background-position: center !important;background-repeat: no-repeat !important;background-size: cover !important;}&#8220; el_id=&#8220;image_header_home&#8220;][vc_column][\/vc_column][\/vc_row][vc_row][vc_column width=&#8220;1\/6&#8243;][\/vc_column][vc_column width=&#8220;2\/3&#8243;][\/vc_column][vc_column width=&#8220;1\/6&#8243;][\/vc_column][\/vc_row][vc_row full_width=&#8220;stretch_row&#8220; css=&#8220;.vc_custom_1511345631358{margin-top: 50px !important;background-color: #212121 !important;}&#8220;][vc_column][vc_empty_space height=&#8220;62px&#8220;][\/vc_column][\/vc_row][vc_row full_width=&#8220;stretch_row&#8220; css=&#8220;.vc_custom_1509618528660{padding-top: 60px !important;padding-bottom: 60px !important;}&#8220;][vc_column width=&#8220;1\/2&#8243;][vc_column_text] Veranstaltungen Unser Weinkeller bildet einen charmanten, idyllischen Rahmen f\u00fcr ihre Ap\u00e9roeinladungen zum Geburtstag, zur Hochzeit, f\u00fcr Firmenanl\u00e4sse oder Degustationen bis 50 Personen. Er ist [&hellip;]","og_url":"https:\/\/www.fechy.com\/de\/","og_site_name":"Cave de la Crausaz","article_publisher":"https:\/\/www.facebook.com\/cavedelacrausaz\/","article_modified_time":"2017-11-22T16:43:37+00:00","twitter_card":"summary_large_image","twitter_misc":{"Gesch\u00e4tzte Lesezeit":"2\u00a0Minuten"},"schema":{"@context":"https:\/\/schema.org","@graph":[{"@type":"WebPage","@id":"https:\/\/www.fechy.com\/de\/","url":"https:\/\/www.fechy.com\/de\/","name":"Home - Cave de la Crausaz","isPartOf":{"@id":"https:\/\/www.fechy.com\/de\/#website"},"datePublished":"2015-10-08T09:49:31+00:00","dateModified":"2017-11-22T16:43:37+00:00","breadcrumb":{"@id":"https:\/\/www.fechy.com\/de\/#breadcrumb"},"inLanguage":"de","potentialAction":[{"@type":"ReadAction","target":["https:\/\/www.fechy.com\/de\/"]}]},{"@type":"BreadcrumbList","@id":"https:\/\/www.fechy.com\/de\/#breadcrumb","itemListElement":[{"@type":"ListItem","position":1,"name":"Accueil","item":"https:\/\/www.fechy.com\/de\/"},{"@type":"ListItem","position":2,"name":"Home"}]},{"@type":"WebSite","@id":"https:\/\/www.fechy.com\/de\/#website","url":"https:\/\/www.fechy.com\/de\/","name":"Cave de la Crausaz","description":"Bettems Fr\u00e8res SA - F\u00e9chy","potentialAction":[{"@type":"SearchAction","target":{"@type":"EntryPoint","urlTemplate":"https:\/\/www.fechy.com\/de\/?s={search_term_string}"},"query-input":{"@type":"PropertyValueSpecification","valueRequired":true,"valueName":"search_term_string"}}],"inLanguage":"de"}]}},"_links":{"self":[{"href":"https:\/\/www.fechy.com\/de\/wp-json\/wp\/v2\/pages\/1683","targetHints":{"allow":["GET"]}}],"collection":[{"href":"https:\/\/www.fechy.com\/de\/wp-json\/wp\/v2\/pages"}],"about":[{"href":"https:\/\/www.fechy.com\/de\/wp-json\/wp\/v2\/types\/page"}],"author":[{"embeddable":true,"href":"https:\/\/www.fechy.com\/de\/wp-json\/wp\/v2\/users\/1"}],"replies":[{"embeddable":true,"href":"https:\/\/www.fechy.com\/de\/wp-json\/wp\/v2\/comments?post=1683"}],"version-history":[{"count":22,"href":"https:\/\/www.fechy.com\/de\/wp-json\/wp\/v2\/pages\/1683\/revisions"}],"predecessor-version":[{"id":2576,"href":"https:\/\/www.fechy.com\/de\/wp-json\/wp\/v2\/pages\/1683\/revisions\/2576"}],"wp:attachment":[{"href":"https:\/\/www.fechy.com\/de\/wp-json\/wp\/v2\/media?parent=1683"}],"curies":[{"name":"wp","href":"https:\/\/api.w.org\/{rel}","templated":true}]}}