{"id":1717,"date":"2015-10-12T09:12:02","date_gmt":"2015-10-12T07:12:02","guid":{"rendered":"https:\/\/www.fechy.com\/en\/?page_id=1717"},"modified":"2017-10-27T16:04:12","modified_gmt":"2017-10-27T14:04:12","slug":"ueber-uns","status":"publish","type":"page","link":"https:\/\/www.fechy.com\/de\/ueber-uns\/","title":{"rendered":"\u00dcber uns"},"content":{"rendered":"<p>[vc_row full_width=&#8220;stretch_row&#8220; css=&#8220;.vc_custom_1508749966966{background-color: #ffffff !important;}&#8220;][vc_column][vc_row_inner][vc_column_inner width=&#8220;1\/2&#8243;][vc_single_image image=&#8220;2495&#8243; img_size=&#8220;large&#8220;][\/vc_column_inner][vc_column_inner width=&#8220;1\/2&#8243;]<h2 class=\"sc_title sc_title_regular sc_align_left\" style=\"margin-top:10px;margin-bottom:30px;text-align:left;\">Cave du Vieux Coteau<\/h2>[vc_column_text]Hoch oben in den H\u00fcgeln, im pittoresken Dorf F\u00e9chy-Dessus, liegt die Cave du Vieux Coteau und produziert Weine bester Qualit\u00e4t von unseren Parzellen, die \u00fcber das ganze Anbaugebiet des F\u00e9chy verteilt sind.<\/p>\n<p>Wir achten auf die Umwelt und f\u00fchren deshalb viele Arbeitsg\u00e4nge wie das Pflanzen neuer Reben, Laubarbeiten oder die Weinlese ausschliesslich von Hand aus.<\/p>\n<p>Als weitere umweltfreundliche Massnahme werden seit dem Jahrgang 2016 auch unsere Flaschen konsequent rezykliert. Denken Sie also daran, uns bei einem Ihrer n\u00e4chsten Besuche Ihre ausgetrunkenen Flaschen (nur Flaschen aus unserem Weingut) wieder mitzubringen.[\/vc_column_text][\/vc_column_inner][\/vc_row_inner][vc_empty_space height=&#8220;40px&#8220;]<div class=\"sc_line sc_line_position_center_center sc_line_style_iconed\" style=\"border-top-style:iconed;\"><\/div>[\/vc_column][\/vc_row][vc_row css=&#8220;.vc_custom_1472548303869{margin-bottom: 40px !important;}&#8220;][vc_column width=&#8220;1\/6&#8243;][\/vc_column][vc_column width=&#8220;2\/3&#8243;]<h2 class=\"sc_title sc_title_regular sc_align_center\" style=\"margin-top:40px;text-align:center;\">Unsere Geschichte<\/h2>[vc_empty_space height=&#8220;40px&#8220;][vc_column_text]<\/p>\n<p style=\"text-align: center;\">Der Gr\u00fcnder unseres Weinkellers, Alfred Bettems, er\u00f6ffnete im Jahre 1923 den ersten Weinhandel im Dorf F\u00e9chy unter dem Namen \u00abVieux Clos\u00bb. Aus administrativen Gr\u00fcnden wurde der Name sp\u00e4ter in \u00abVieux Coteau\u00bb ge\u00e4ndert.<\/p>\n<p style=\"text-align: center;\">Nach mehreren Inhabergenerationen \u00fcbernahm 2011 Francine Dupuis das Weingut. 2016 schliesslich stiess Alain Bettems, der Cousin von Francine Dupuis, als neuer Administrator dazu. Heute arbeiten beide Hand in Hand, um das Weingut neu erstrahlen zu lassen. 2017 g\u00f6nnt sich das alte Weingut n\u00e4mlich eine Verj\u00fcngungskur: neue Gestaltung, neue Verpackung, neuer Wein \u2013 aber alles noch immer nach alter Familientradition&#8230;.<\/p>\n<p>[\/vc_column_text][\/vc_column][vc_column width=&#8220;1\/6&#8243;][\/vc_column][\/vc_row][vc_row css=&#8220;.vc_custom_1444643906422{margin-bottom: -40px !important;}&#8220;][vc_column][vc_empty_space height=&#8220;40px&#8220;]<div class=\"sc_line sc_line_position_center_center sc_line_style_iconed\" style=\"border-top-style:iconed;\"><\/div><h2 class=\"sc_title sc_title_regular sc_align_center\" style=\"margin-top:40px;text-align:center;\">Unsere Weine<\/h2><div class=\"columns_wrap sc_columns columns_nofluid sc_columns_count_2\"><div class=\"column-1_2 sc_column_item sc_column_item_1 odd first\"><span class=\"sc_icon icon-bottle-3 aligncenter\" style=\"margin-right:0px;margin-bottom:20px;font-size:100px; line-height: 1em;color:#b4bc5d;\"><\/span><h4 class=\"sc_title sc_title_regular sc_align_center\" style=\"margin-top:40px;text-align:center;\">Unsere Rebsorten<\/h4>[vc_column_text]<\/p>\n<p style=\"text-align: center;\">Der Chasselas ist die wichtigste Rebsorte und wird im F\u00e9chy auf 4\/5 der Gesamtfl\u00e4che angebaut. Er liefert einen fruchtigen und vollmundigen Wein. Mit seiner hellgelben, golden schimmernden Farbe erfreut er das Auge und in der Nase entfaltet sich sein subtiler Duft von Akazien- und Lindenbl\u00fcten. Im Mund wissen seine nuancierte Finesse und seine grossartige Harmonie zwischen Terroir und Frucht zu gefallen.<\/p>\n<p>[\/vc_column_text]<\/div><div class=\"column-1_2 sc_column_item sc_column_item_2 even\"><span class=\"sc_icon icon-wine-1 aligncenter\" style=\"margin-right:0px;margin-bottom:20px;font-size:100px; line-height: 1em;color:#b4bc5d;\"><\/span><h4 class=\"sc_title sc_title_regular sc_align_center\" style=\"margin-top:40px;text-align:center;\">Kontrollierte Ursprungsbezeichnung<\/h4>[vc_column_text]<\/p>\n<p style=\"text-align: center;\">Die kontrollierte Ursprungsbezeichnung F\u00e9chy A.O.C. umfasst 40 Winzer und Kellermeister auf einem Rebberg von 185 Hektaren auf halber Strecke zwischen Lausanne und Genf. Mit der Ehrlichkeit und Qualit\u00e4t ihrer Weine lassen sie unsere angesehene Herkunftsbezeichnung wieder in neuem Glanz erstrahlen.<\/p>\n<p>[\/vc_column_text]<\/div><\/div>[vc_empty_space height=&#8220;120px&#8220;][\/vc_column][\/vc_row]<\/p>\n","protected":false},"excerpt":{"rendered":"<p>[vc_row full_width=&#8220;stretch_row&#8220; css=&#8220;.vc_custom_1508749966966{background-color: #ffffff !important;}&#8220;][vc_column][vc_row_inner][vc_column_inner width=&#8220;1\/2&#8243;][vc_single_image image=&#8220;2495&#8243; img_size=&#8220;large&#8220;][\/vc_column_inner][vc_column_inner width=&#8220;1\/2&#8243;][vc_column_text]Hoch oben in den H\u00fcgeln, im pittoresken Dorf F\u00e9chy-Dessus, liegt die Cave du Vieux Coteau und produziert Weine bester Qualit\u00e4t von unseren Parzellen, die \u00fcber das ganze Anbaugebiet des F\u00e9chy verteilt sind. Wir achten auf die Umwelt und f\u00fchren deshalb viele Arbeitsg\u00e4nge wie das Pflanzen neuer Reben, [&hellip;]<\/p>\n","protected":false},"author":1,"featured_media":0,"parent":0,"menu_order":0,"comment_status":"closed","ping_status":"closed","template":"","meta":{"footnotes":""},"class_list":["post-1717","page","type-page","status-publish","hentry"],"yoast_head":"<!-- This site is optimized with the Yoast SEO plugin v26.4 - https:\/\/yoast.com\/wordpress\/plugins\/seo\/ -->\n<title>\u00dcber uns - Cave de la Crausaz<\/title>\n<meta name=\"robots\" content=\"index, follow, max-snippet:-1, max-image-preview:large, max-video-preview:-1\" \/>\n<link rel=\"canonical\" href=\"https:\/\/www.fechy.com\/de\/ueber-uns\/\" \/>\n<meta property=\"og:locale\" content=\"de_DE\" \/>\n<meta property=\"og:type\" content=\"article\" \/>\n<meta property=\"og:title\" content=\"\u00dcber uns - Cave de la Crausaz\" \/>\n<meta property=\"og:description\" content=\"[vc_row full_width=&#8220;stretch_row&#8220; css=&#8220;.vc_custom_1508749966966{background-color: #ffffff !important;}&#8220;][vc_column][vc_row_inner][vc_column_inner width=&#8220;1\/2&#8243;][vc_single_image image=&#8220;2495&#8243; img_size=&#8220;large&#8220;][\/vc_column_inner][vc_column_inner width=&#8220;1\/2&#8243;][vc_column_text]Hoch oben in den H\u00fcgeln, im pittoresken Dorf F\u00e9chy-Dessus, liegt die Cave du Vieux Coteau und produziert Weine bester Qualit\u00e4t von unseren Parzellen, die \u00fcber das ganze Anbaugebiet des F\u00e9chy verteilt sind. Wir achten auf die Umwelt und f\u00fchren deshalb viele Arbeitsg\u00e4nge wie das Pflanzen neuer Reben, [&hellip;]\" \/>\n<meta property=\"og:url\" content=\"https:\/\/www.fechy.com\/de\/ueber-uns\/\" \/>\n<meta property=\"og:site_name\" content=\"Cave de la Crausaz\" \/>\n<meta property=\"article:publisher\" content=\"https:\/\/www.facebook.com\/cavedelacrausaz\/\" \/>\n<meta property=\"article:modified_time\" content=\"2017-10-27T14:04:12+00:00\" \/>\n<meta name=\"twitter:card\" content=\"summary_large_image\" \/>\n<meta name=\"twitter:label1\" content=\"Gesch\u00e4tzte Lesezeit\" \/>\n\t<meta name=\"twitter:data1\" content=\"3\u00a0Minuten\" \/>\n<script type=\"application\/ld+json\" class=\"yoast-schema-graph\">{\"@context\":\"https:\/\/schema.org\",\"@graph\":[{\"@type\":\"WebPage\",\"@id\":\"https:\/\/www.fechy.com\/de\/ueber-uns\/\",\"url\":\"https:\/\/www.fechy.com\/de\/ueber-uns\/\",\"name\":\"\u00dcber uns - Cave de la Crausaz\",\"isPartOf\":{\"@id\":\"https:\/\/www.fechy.com\/de\/#website\"},\"datePublished\":\"2015-10-12T07:12:02+00:00\",\"dateModified\":\"2017-10-27T14:04:12+00:00\",\"breadcrumb\":{\"@id\":\"https:\/\/www.fechy.com\/de\/ueber-uns\/#breadcrumb\"},\"inLanguage\":\"de\",\"potentialAction\":[{\"@type\":\"ReadAction\",\"target\":[\"https:\/\/www.fechy.com\/de\/ueber-uns\/\"]}]},{\"@type\":\"BreadcrumbList\",\"@id\":\"https:\/\/www.fechy.com\/de\/ueber-uns\/#breadcrumb\",\"itemListElement\":[{\"@type\":\"ListItem\",\"position\":1,\"name\":\"Accueil\",\"item\":\"https:\/\/www.fechy.com\/de\/\"},{\"@type\":\"ListItem\",\"position\":2,\"name\":\"\u00dcber uns\"}]},{\"@type\":\"WebSite\",\"@id\":\"https:\/\/www.fechy.com\/de\/#website\",\"url\":\"https:\/\/www.fechy.com\/de\/\",\"name\":\"Cave de la Crausaz\",\"description\":\"Bettems Fr\u00e8res SA - F\u00e9chy\",\"potentialAction\":[{\"@type\":\"SearchAction\",\"target\":{\"@type\":\"EntryPoint\",\"urlTemplate\":\"https:\/\/www.fechy.com\/de\/?s={search_term_string}\"},\"query-input\":{\"@type\":\"PropertyValueSpecification\",\"valueRequired\":true,\"valueName\":\"search_term_string\"}}],\"inLanguage\":\"de\"}]}<\/script>\n<!-- \/ Yoast SEO plugin. -->","yoast_head_json":{"title":"\u00dcber uns - Cave de la Crausaz","robots":{"index":"index","follow":"follow","max-snippet":"max-snippet:-1","max-image-preview":"max-image-preview:large","max-video-preview":"max-video-preview:-1"},"canonical":"https:\/\/www.fechy.com\/de\/ueber-uns\/","og_locale":"de_DE","og_type":"article","og_title":"\u00dcber uns - Cave de la Crausaz","og_description":"[vc_row full_width=&#8220;stretch_row&#8220; css=&#8220;.vc_custom_1508749966966{background-color: #ffffff !important;}&#8220;][vc_column][vc_row_inner][vc_column_inner width=&#8220;1\/2&#8243;][vc_single_image image=&#8220;2495&#8243; img_size=&#8220;large&#8220;][\/vc_column_inner][vc_column_inner width=&#8220;1\/2&#8243;][vc_column_text]Hoch oben in den H\u00fcgeln, im pittoresken Dorf F\u00e9chy-Dessus, liegt die Cave du Vieux Coteau und produziert Weine bester Qualit\u00e4t von unseren Parzellen, die \u00fcber das ganze Anbaugebiet des F\u00e9chy verteilt sind. Wir achten auf die Umwelt und f\u00fchren deshalb viele Arbeitsg\u00e4nge wie das Pflanzen neuer Reben, [&hellip;]","og_url":"https:\/\/www.fechy.com\/de\/ueber-uns\/","og_site_name":"Cave de la Crausaz","article_publisher":"https:\/\/www.facebook.com\/cavedelacrausaz\/","article_modified_time":"2017-10-27T14:04:12+00:00","twitter_card":"summary_large_image","twitter_misc":{"Gesch\u00e4tzte Lesezeit":"3\u00a0Minuten"},"schema":{"@context":"https:\/\/schema.org","@graph":[{"@type":"WebPage","@id":"https:\/\/www.fechy.com\/de\/ueber-uns\/","url":"https:\/\/www.fechy.com\/de\/ueber-uns\/","name":"\u00dcber uns - Cave de la Crausaz","isPartOf":{"@id":"https:\/\/www.fechy.com\/de\/#website"},"datePublished":"2015-10-12T07:12:02+00:00","dateModified":"2017-10-27T14:04:12+00:00","breadcrumb":{"@id":"https:\/\/www.fechy.com\/de\/ueber-uns\/#breadcrumb"},"inLanguage":"de","potentialAction":[{"@type":"ReadAction","target":["https:\/\/www.fechy.com\/de\/ueber-uns\/"]}]},{"@type":"BreadcrumbList","@id":"https:\/\/www.fechy.com\/de\/ueber-uns\/#breadcrumb","itemListElement":[{"@type":"ListItem","position":1,"name":"Accueil","item":"https:\/\/www.fechy.com\/de\/"},{"@type":"ListItem","position":2,"name":"\u00dcber uns"}]},{"@type":"WebSite","@id":"https:\/\/www.fechy.com\/de\/#website","url":"https:\/\/www.fechy.com\/de\/","name":"Cave de la Crausaz","description":"Bettems Fr\u00e8res SA - F\u00e9chy","potentialAction":[{"@type":"SearchAction","target":{"@type":"EntryPoint","urlTemplate":"https:\/\/www.fechy.com\/de\/?s={search_term_string}"},"query-input":{"@type":"PropertyValueSpecification","valueRequired":true,"valueName":"search_term_string"}}],"inLanguage":"de"}]}},"_links":{"self":[{"href":"https:\/\/www.fechy.com\/de\/wp-json\/wp\/v2\/pages\/1717","targetHints":{"allow":["GET"]}}],"collection":[{"href":"https:\/\/www.fechy.com\/de\/wp-json\/wp\/v2\/pages"}],"about":[{"href":"https:\/\/www.fechy.com\/de\/wp-json\/wp\/v2\/types\/page"}],"author":[{"embeddable":true,"href":"https:\/\/www.fechy.com\/de\/wp-json\/wp\/v2\/users\/1"}],"replies":[{"embeddable":true,"href":"https:\/\/www.fechy.com\/de\/wp-json\/wp\/v2\/comments?post=1717"}],"version-history":[{"count":7,"href":"https:\/\/www.fechy.com\/de\/wp-json\/wp\/v2\/pages\/1717\/revisions"}],"predecessor-version":[{"id":2512,"href":"https:\/\/www.fechy.com\/de\/wp-json\/wp\/v2\/pages\/1717\/revisions\/2512"}],"wp:attachment":[{"href":"https:\/\/www.fechy.com\/de\/wp-json\/wp\/v2\/media?parent=1717"}],"curies":[{"name":"wp","href":"https:\/\/api.w.org\/{rel}","templated":true}]}}