{"id":1883,"date":"2016-11-17T14:17:31","date_gmt":"2016-11-17T13:17:31","guid":{"rendered":"https:\/\/www.fechy.com\/de\/?page_id=1883"},"modified":"2016-11-17T14:17:31","modified_gmt":"2016-11-17T13:17:31","slug":"allgemeine-verkaufsbedingungen","status":"publish","type":"page","link":"https:\/\/www.fechy.com\/de\/allgemeine-verkaufsbedingungen\/","title":{"rendered":"Allgemeine Verkaufsbedingungen"},"content":{"rendered":"<p>[vc_row][vc_column][vc_column_text]<\/p>\n<p><strong>Annahme der vorliegenden Verkaufsbedingungen<\/strong><\/p>\n<p>Wenn Sie Ihre Bestellung auf der Webseite best\u00e4tigen, akzeptieren Sie dadurch die vorliegenden Verkaufsbedingungen vollumf\u00e4nglich.<\/p>\n<p>Wie lehnen jede Haftung im Falle von Streitigkeiten oder Besch\u00e4digungen aufgrund von Alkoholkonsum ab.<\/p>\n<p><strong>Vertrag <\/strong><\/p>\n<p>Der Vertrag erlangt seine G\u00fcltigkeit mit Eintreffen der Bestellung bei Bettems Fr\u00e8res SA.<\/p>\n<p><strong>Verkaufspreise, Mehrwertsteuer <\/strong><\/p>\n<p>Die aufgef\u00fchrten Preise verstehen sich in Schweizer Franken einschliesslich Mehrwertsteuer. Unsere Preise verstehen sich als Direktverkaufspreise ab Keller.<\/p>\n<p>Unsere Mehrwertsteuer-Nummer lautet CHE-108.713.972<\/p>\n<p><strong>G\u00fcltigkeit der Preise <\/strong><\/p>\n<p>Vorbehaltlich \u00c4nderungen bei Sortiment, Preisen oder Bedingungen.<\/p>\n<p><strong>Zahlungsmittel<\/strong><\/p>\n<p>Wir akzeptieren folgende Zahlungsmittel:<\/p>\n<ul>\n<li>Postcard<\/li>\n<li>Visa<\/li>\n<li>Mastercard<\/li>\n<\/ul>\n<p>sowie Bezahlung auf Rechnung.<\/p>\n<p><strong>Lieferung frei Haus <\/strong><\/p>\n<p>Wir liefern unseren Wein in die ganze Schweiz.<\/p>\n<p>Transportkosten werden separat verrechnet.<\/p>\n<p>Der Kunde ist verpflichtet, die Richtigkeit der gemachten Bestellangaben zu \u00fcberpr\u00fcfen (pers\u00f6nliche Daten, Lieferort, Lieferart). Bei fehlerhaften Lieferangaben k\u00f6nnen wir nicht daf\u00fcr haftbar gemacht werden, dass die Bestellung nicht ausgeliefert werden kann.<\/p>\n<p><strong>Freistellung und Lieferverzicht <\/strong><\/p>\n<p>Bettems Fr\u00e8res SA in F\u00e9chy beh\u00e4lt sich vor, die Bestellung aus einem der folgenden Gr\u00fcnde nicht auszuliefern:<\/p>\n<ul>\n<li>Die Lieferadresse liegt in einem Land, in dem der Verkauf von Wein oder Alkohol verboten ist<\/li>\n<li>Die Bestellmenge liegt unter der Mindestbestellmenge von einer Verpackungseinheit<\/li>\n<li>Die Bestellung umfasst Produkte, die ausverkauft oder nicht mehr an Lager sind<\/li>\n<li>Der Besteller f\u00fchrt einen Rechtsstreit mit Bettems fr\u00e8res SA<\/li>\n<\/ul>\n<p><strong>Jugendschutz <\/strong><\/p>\n<p>Die gesetzlichen Bestimmungen in Europa und der Schweiz verbieten den Verkauf von alkoholischen Getr\u00e4nken an Minderj\u00e4hrige.<\/p>\n<p><strong>Webseite <\/strong><\/p>\n<p>Die Fotos auf der Webseite sind nicht bindend.<\/p>\n<p>[\/vc_column_text][\/vc_column][\/vc_row]<\/p>\n","protected":false},"excerpt":{"rendered":"<p>[vc_row][vc_column][vc_column_text] Annahme der vorliegenden Verkaufsbedingungen Wenn Sie Ihre Bestellung auf der Webseite best\u00e4tigen, akzeptieren Sie dadurch die vorliegenden Verkaufsbedingungen vollumf\u00e4nglich. Wie lehnen jede Haftung im Falle von Streitigkeiten oder Besch\u00e4digungen aufgrund von Alkoholkonsum ab. Vertrag Der Vertrag erlangt seine G\u00fcltigkeit mit Eintreffen der Bestellung bei Bettems Fr\u00e8res SA. Verkaufspreise, Mehrwertsteuer Die aufgef\u00fchrten Preise verstehen sich [&hellip;]<\/p>\n","protected":false},"author":1,"featured_media":0,"parent":0,"menu_order":0,"comment_status":"closed","ping_status":"closed","template":"","meta":{"footnotes":""},"class_list":["post-1883","page","type-page","status-publish","hentry"],"yoast_head":"<!-- This site is optimized with the Yoast SEO plugin v26.4 - https:\/\/yoast.com\/wordpress\/plugins\/seo\/ -->\n<title>Allgemeine Verkaufsbedingungen - Cave de la Crausaz<\/title>\n<meta name=\"robots\" content=\"index, follow, max-snippet:-1, max-image-preview:large, max-video-preview:-1\" \/>\n<link rel=\"canonical\" href=\"https:\/\/www.fechy.com\/de\/allgemeine-verkaufsbedingungen\/\" \/>\n<meta property=\"og:locale\" content=\"de_DE\" \/>\n<meta property=\"og:type\" content=\"article\" \/>\n<meta property=\"og:title\" content=\"Allgemeine Verkaufsbedingungen - Cave de la Crausaz\" \/>\n<meta property=\"og:description\" content=\"[vc_row][vc_column][vc_column_text] Annahme der vorliegenden Verkaufsbedingungen Wenn Sie Ihre Bestellung auf der Webseite best\u00e4tigen, akzeptieren Sie dadurch die vorliegenden Verkaufsbedingungen vollumf\u00e4nglich. Wie lehnen jede Haftung im Falle von Streitigkeiten oder Besch\u00e4digungen aufgrund von Alkoholkonsum ab. Vertrag Der Vertrag erlangt seine G\u00fcltigkeit mit Eintreffen der Bestellung bei Bettems Fr\u00e8res SA. Verkaufspreise, Mehrwertsteuer Die aufgef\u00fchrten Preise verstehen sich [&hellip;]\" \/>\n<meta property=\"og:url\" content=\"https:\/\/www.fechy.com\/de\/allgemeine-verkaufsbedingungen\/\" \/>\n<meta property=\"og:site_name\" content=\"Cave de la Crausaz\" \/>\n<meta property=\"article:publisher\" content=\"https:\/\/www.facebook.com\/cavedelacrausaz\/\" \/>\n<meta name=\"twitter:card\" content=\"summary_large_image\" \/>\n<meta name=\"twitter:label1\" content=\"Gesch\u00e4tzte Lesezeit\" \/>\n\t<meta name=\"twitter:data1\" content=\"1\u00a0Minute\" \/>\n<script type=\"application\/ld+json\" class=\"yoast-schema-graph\">{\"@context\":\"https:\/\/schema.org\",\"@graph\":[{\"@type\":\"WebPage\",\"@id\":\"https:\/\/www.fechy.com\/de\/allgemeine-verkaufsbedingungen\/\",\"url\":\"https:\/\/www.fechy.com\/de\/allgemeine-verkaufsbedingungen\/\",\"name\":\"Allgemeine Verkaufsbedingungen - Cave de la Crausaz\",\"isPartOf\":{\"@id\":\"https:\/\/www.fechy.com\/de\/#website\"},\"datePublished\":\"2016-11-17T13:17:31+00:00\",\"breadcrumb\":{\"@id\":\"https:\/\/www.fechy.com\/de\/allgemeine-verkaufsbedingungen\/#breadcrumb\"},\"inLanguage\":\"de\",\"potentialAction\":[{\"@type\":\"ReadAction\",\"target\":[\"https:\/\/www.fechy.com\/de\/allgemeine-verkaufsbedingungen\/\"]}]},{\"@type\":\"BreadcrumbList\",\"@id\":\"https:\/\/www.fechy.com\/de\/allgemeine-verkaufsbedingungen\/#breadcrumb\",\"itemListElement\":[{\"@type\":\"ListItem\",\"position\":1,\"name\":\"Accueil\",\"item\":\"https:\/\/www.fechy.com\/de\/\"},{\"@type\":\"ListItem\",\"position\":2,\"name\":\"Allgemeine Verkaufsbedingungen\"}]},{\"@type\":\"WebSite\",\"@id\":\"https:\/\/www.fechy.com\/de\/#website\",\"url\":\"https:\/\/www.fechy.com\/de\/\",\"name\":\"Cave de la Crausaz\",\"description\":\"Bettems Fr\u00e8res SA - F\u00e9chy\",\"potentialAction\":[{\"@type\":\"SearchAction\",\"target\":{\"@type\":\"EntryPoint\",\"urlTemplate\":\"https:\/\/www.fechy.com\/de\/?s={search_term_string}\"},\"query-input\":{\"@type\":\"PropertyValueSpecification\",\"valueRequired\":true,\"valueName\":\"search_term_string\"}}],\"inLanguage\":\"de\"}]}<\/script>\n<!-- \/ Yoast SEO plugin. -->","yoast_head_json":{"title":"Allgemeine Verkaufsbedingungen - Cave de la Crausaz","robots":{"index":"index","follow":"follow","max-snippet":"max-snippet:-1","max-image-preview":"max-image-preview:large","max-video-preview":"max-video-preview:-1"},"canonical":"https:\/\/www.fechy.com\/de\/allgemeine-verkaufsbedingungen\/","og_locale":"de_DE","og_type":"article","og_title":"Allgemeine Verkaufsbedingungen - Cave de la Crausaz","og_description":"[vc_row][vc_column][vc_column_text] Annahme der vorliegenden Verkaufsbedingungen Wenn Sie Ihre Bestellung auf der Webseite best\u00e4tigen, akzeptieren Sie dadurch die vorliegenden Verkaufsbedingungen vollumf\u00e4nglich. Wie lehnen jede Haftung im Falle von Streitigkeiten oder Besch\u00e4digungen aufgrund von Alkoholkonsum ab. Vertrag Der Vertrag erlangt seine G\u00fcltigkeit mit Eintreffen der Bestellung bei Bettems Fr\u00e8res SA. Verkaufspreise, Mehrwertsteuer Die aufgef\u00fchrten Preise verstehen sich [&hellip;]","og_url":"https:\/\/www.fechy.com\/de\/allgemeine-verkaufsbedingungen\/","og_site_name":"Cave de la Crausaz","article_publisher":"https:\/\/www.facebook.com\/cavedelacrausaz\/","twitter_card":"summary_large_image","twitter_misc":{"Gesch\u00e4tzte Lesezeit":"1\u00a0Minute"},"schema":{"@context":"https:\/\/schema.org","@graph":[{"@type":"WebPage","@id":"https:\/\/www.fechy.com\/de\/allgemeine-verkaufsbedingungen\/","url":"https:\/\/www.fechy.com\/de\/allgemeine-verkaufsbedingungen\/","name":"Allgemeine Verkaufsbedingungen - Cave de la Crausaz","isPartOf":{"@id":"https:\/\/www.fechy.com\/de\/#website"},"datePublished":"2016-11-17T13:17:31+00:00","breadcrumb":{"@id":"https:\/\/www.fechy.com\/de\/allgemeine-verkaufsbedingungen\/#breadcrumb"},"inLanguage":"de","potentialAction":[{"@type":"ReadAction","target":["https:\/\/www.fechy.com\/de\/allgemeine-verkaufsbedingungen\/"]}]},{"@type":"BreadcrumbList","@id":"https:\/\/www.fechy.com\/de\/allgemeine-verkaufsbedingungen\/#breadcrumb","itemListElement":[{"@type":"ListItem","position":1,"name":"Accueil","item":"https:\/\/www.fechy.com\/de\/"},{"@type":"ListItem","position":2,"name":"Allgemeine Verkaufsbedingungen"}]},{"@type":"WebSite","@id":"https:\/\/www.fechy.com\/de\/#website","url":"https:\/\/www.fechy.com\/de\/","name":"Cave de la Crausaz","description":"Bettems Fr\u00e8res SA - F\u00e9chy","potentialAction":[{"@type":"SearchAction","target":{"@type":"EntryPoint","urlTemplate":"https:\/\/www.fechy.com\/de\/?s={search_term_string}"},"query-input":{"@type":"PropertyValueSpecification","valueRequired":true,"valueName":"search_term_string"}}],"inLanguage":"de"}]}},"_links":{"self":[{"href":"https:\/\/www.fechy.com\/de\/wp-json\/wp\/v2\/pages\/1883","targetHints":{"allow":["GET"]}}],"collection":[{"href":"https:\/\/www.fechy.com\/de\/wp-json\/wp\/v2\/pages"}],"about":[{"href":"https:\/\/www.fechy.com\/de\/wp-json\/wp\/v2\/types\/page"}],"author":[{"embeddable":true,"href":"https:\/\/www.fechy.com\/de\/wp-json\/wp\/v2\/users\/1"}],"replies":[{"embeddable":true,"href":"https:\/\/www.fechy.com\/de\/wp-json\/wp\/v2\/comments?post=1883"}],"version-history":[{"count":1,"href":"https:\/\/www.fechy.com\/de\/wp-json\/wp\/v2\/pages\/1883\/revisions"}],"predecessor-version":[{"id":1884,"href":"https:\/\/www.fechy.com\/de\/wp-json\/wp\/v2\/pages\/1883\/revisions\/1884"}],"wp:attachment":[{"href":"https:\/\/www.fechy.com\/de\/wp-json\/wp\/v2\/media?parent=1883"}],"curies":[{"name":"wp","href":"https:\/\/api.w.org\/{rel}","templated":true}]}}