{"id":2444,"date":"2017-10-09T16:24:22","date_gmt":"2017-10-09T14:24:22","guid":{"rendered":"https:\/\/www.fechy.com\/?post_type=product&#038;p=2444"},"modified":"2024-05-01T07:24:41","modified_gmt":"2024-05-01T05:24:41","slug":"garanoir-cote-aoc","status":"publish","type":"product","link":"https:\/\/www.fechy.com\/de\/produit\/garanoir-cote-aoc\/","title":{"rendered":"Garanoir La C\u00f4te AOC"},"content":{"rendered":"<p>Dieser Wein mit seiner tiefroten Farbe und violetten Reflexen schmeckt beim Trinken nach Gew\u00fcrzen und schwarzen Beeren. Seine ausgewogenen Tannine machen ihn zu einem sch\u00f6nen, ausgewogenen Wein.<\/p>\n<p>Erh\u00e4ltlich im Karton zu <strong>6 Flaschen (70 cl)<\/strong>. <strong>Korkenverschluss<\/strong>.<\/p>\n","protected":false},"excerpt":{"rendered":"<p>Dieser Wein mit seiner tiefroten Farbe und violetten Reflexen schmeckt beim Trinken nach Gew\u00fcrzen und schwarzen Beeren. Seine ausgewogenen Tannine machen ihn zu einem sch\u00f6nen, ausgewogenen Wein.<\/p>\n<p>Erh\u00e4ltlich im Karton zu <strong>6 Flaschen (70 cl)<\/strong>. <strong>Korkenverschluss<\/strong>.<\/p>\n","protected":false},"featured_media":2839,"template":"","meta":[],"product_brand":[],"product_cat":[166],"product_tag":[],"class_list":{"0":"post-2444","1":"product","2":"type-product","3":"status-publish","4":"has-post-thumbnail","6":"product_cat-rot","8":"first","9":"instock","10":"featured","11":"taxable","12":"shipping-taxable","13":"purchasable","14":"product-type-simple"},"yoast_head":"<!-- This site is optimized with the Yoast SEO plugin v26.4 - https:\/\/yoast.com\/wordpress\/plugins\/seo\/ -->\n<title>Garanoir La C\u00f4te AOC - Cave de la Crausaz<\/title>\n<meta name=\"robots\" content=\"index, follow, max-snippet:-1, max-image-preview:large, max-video-preview:-1\" \/>\n<link rel=\"canonical\" href=\"https:\/\/www.fechy.com\/de\/produit\/garanoir-cote-aoc\/\" \/>\n<meta property=\"og:locale\" content=\"de_DE\" \/>\n<meta property=\"og:type\" content=\"article\" \/>\n<meta property=\"og:title\" content=\"Garanoir La C\u00f4te AOC - Cave de la Crausaz\" \/>\n<meta property=\"og:description\" content=\"Dieser Wein mit seiner tiefroten Farbe und violetten Reflexen schmeckt beim Trinken nach Gew\u00fcrzen und schwarzen Beeren. Seine ausgewogenen Tannine machen ihn zu einem sch\u00f6nen, ausgewogenen Wein.  Erh\u00e4ltlich im Karton zu 6 Flaschen (70 cl). Korkenverschluss.\" \/>\n<meta property=\"og:url\" content=\"https:\/\/www.fechy.com\/de\/produit\/garanoir-cote-aoc\/\" \/>\n<meta property=\"og:site_name\" content=\"Cave de la Crausaz\" \/>\n<meta property=\"article:publisher\" content=\"https:\/\/www.facebook.com\/cavedelacrausaz\/\" \/>\n<meta property=\"article:modified_time\" content=\"2024-05-01T05:24:41+00:00\" \/>\n<meta property=\"og:image\" content=\"https:\/\/www.fechy.com\/wp-content\/uploads\/1.png\" \/>\n\t<meta property=\"og:image:width\" content=\"1000\" \/>\n\t<meta property=\"og:image:height\" content=\"1000\" \/>\n\t<meta property=\"og:image:type\" content=\"image\/png\" \/>\n<meta name=\"twitter:card\" content=\"summary_large_image\" \/>\n<meta name=\"twitter:label1\" content=\"Gesch\u00e4tzte Lesezeit\" \/>\n\t<meta name=\"twitter:data1\" content=\"1\u00a0Minute\" \/>\n<script type=\"application\/ld+json\" class=\"yoast-schema-graph\">{\"@context\":\"https:\/\/schema.org\",\"@graph\":[{\"@type\":\"WebPage\",\"@id\":\"https:\/\/www.fechy.com\/de\/produit\/garanoir-cote-aoc\/\",\"url\":\"https:\/\/www.fechy.com\/de\/produit\/garanoir-cote-aoc\/\",\"name\":\"Garanoir La C\u00f4te AOC - Cave de la Crausaz\",\"isPartOf\":{\"@id\":\"https:\/\/www.fechy.com\/de\/#website\"},\"primaryImageOfPage\":{\"@id\":\"https:\/\/www.fechy.com\/de\/produit\/garanoir-cote-aoc\/#primaryimage\"},\"image\":{\"@id\":\"https:\/\/www.fechy.com\/de\/produit\/garanoir-cote-aoc\/#primaryimage\"},\"thumbnailUrl\":\"https:\/\/www.fechy.com\/wp-content\/uploads\/1.png\",\"datePublished\":\"2017-10-09T14:24:22+00:00\",\"dateModified\":\"2024-05-01T05:24:41+00:00\",\"breadcrumb\":{\"@id\":\"https:\/\/www.fechy.com\/de\/produit\/garanoir-cote-aoc\/#breadcrumb\"},\"inLanguage\":\"de\",\"potentialAction\":[{\"@type\":\"ReadAction\",\"target\":[\"https:\/\/www.fechy.com\/de\/produit\/garanoir-cote-aoc\/\"]}]},{\"@type\":\"ImageObject\",\"inLanguage\":\"de\",\"@id\":\"https:\/\/www.fechy.com\/de\/produit\/garanoir-cote-aoc\/#primaryimage\",\"url\":\"https:\/\/www.fechy.com\/wp-content\/uploads\/1.png\",\"contentUrl\":\"https:\/\/www.fechy.com\/wp-content\/uploads\/1.png\",\"width\":1000,\"height\":1000},{\"@type\":\"BreadcrumbList\",\"@id\":\"https:\/\/www.fechy.com\/de\/produit\/garanoir-cote-aoc\/#breadcrumb\",\"itemListElement\":[{\"@type\":\"ListItem\",\"position\":1,\"name\":\"Accueil\",\"item\":\"https:\/\/www.fechy.com\/de\/\"},{\"@type\":\"ListItem\",\"position\":2,\"name\":\"Unsere Produkte\",\"item\":\"https:\/\/www.fechy.com\/de\/unsere-produkte\/\"},{\"@type\":\"ListItem\",\"position\":3,\"name\":\"Garanoir La C\u00f4te AOC\"}]},{\"@type\":\"WebSite\",\"@id\":\"https:\/\/www.fechy.com\/de\/#website\",\"url\":\"https:\/\/www.fechy.com\/de\/\",\"name\":\"Cave de la Crausaz\",\"description\":\"Bettems Fr\u00e8res SA - F\u00e9chy\",\"potentialAction\":[{\"@type\":\"SearchAction\",\"target\":{\"@type\":\"EntryPoint\",\"urlTemplate\":\"https:\/\/www.fechy.com\/de\/?s={search_term_string}\"},\"query-input\":{\"@type\":\"PropertyValueSpecification\",\"valueRequired\":true,\"valueName\":\"search_term_string\"}}],\"inLanguage\":\"de\"}]}<\/script>\n<!-- \/ Yoast SEO plugin. -->","yoast_head_json":{"title":"Garanoir La C\u00f4te AOC - Cave de la Crausaz","robots":{"index":"index","follow":"follow","max-snippet":"max-snippet:-1","max-image-preview":"max-image-preview:large","max-video-preview":"max-video-preview:-1"},"canonical":"https:\/\/www.fechy.com\/de\/produit\/garanoir-cote-aoc\/","og_locale":"de_DE","og_type":"article","og_title":"Garanoir La C\u00f4te AOC - Cave de la Crausaz","og_description":"Dieser Wein mit seiner tiefroten Farbe und violetten Reflexen schmeckt beim Trinken nach Gew\u00fcrzen und schwarzen Beeren. Seine ausgewogenen Tannine machen ihn zu einem sch\u00f6nen, ausgewogenen Wein.  Erh\u00e4ltlich im Karton zu 6 Flaschen (70 cl). Korkenverschluss.","og_url":"https:\/\/www.fechy.com\/de\/produit\/garanoir-cote-aoc\/","og_site_name":"Cave de la Crausaz","article_publisher":"https:\/\/www.facebook.com\/cavedelacrausaz\/","article_modified_time":"2024-05-01T05:24:41+00:00","og_image":[{"width":1000,"height":1000,"url":"https:\/\/www.fechy.com\/wp-content\/uploads\/1.png","type":"image\/png"}],"twitter_card":"summary_large_image","twitter_misc":{"Gesch\u00e4tzte Lesezeit":"1\u00a0Minute"},"schema":{"@context":"https:\/\/schema.org","@graph":[{"@type":"WebPage","@id":"https:\/\/www.fechy.com\/de\/produit\/garanoir-cote-aoc\/","url":"https:\/\/www.fechy.com\/de\/produit\/garanoir-cote-aoc\/","name":"Garanoir La C\u00f4te AOC - Cave de la Crausaz","isPartOf":{"@id":"https:\/\/www.fechy.com\/de\/#website"},"primaryImageOfPage":{"@id":"https:\/\/www.fechy.com\/de\/produit\/garanoir-cote-aoc\/#primaryimage"},"image":{"@id":"https:\/\/www.fechy.com\/de\/produit\/garanoir-cote-aoc\/#primaryimage"},"thumbnailUrl":"https:\/\/www.fechy.com\/wp-content\/uploads\/1.png","datePublished":"2017-10-09T14:24:22+00:00","dateModified":"2024-05-01T05:24:41+00:00","breadcrumb":{"@id":"https:\/\/www.fechy.com\/de\/produit\/garanoir-cote-aoc\/#breadcrumb"},"inLanguage":"de","potentialAction":[{"@type":"ReadAction","target":["https:\/\/www.fechy.com\/de\/produit\/garanoir-cote-aoc\/"]}]},{"@type":"ImageObject","inLanguage":"de","@id":"https:\/\/www.fechy.com\/de\/produit\/garanoir-cote-aoc\/#primaryimage","url":"https:\/\/www.fechy.com\/wp-content\/uploads\/1.png","contentUrl":"https:\/\/www.fechy.com\/wp-content\/uploads\/1.png","width":1000,"height":1000},{"@type":"BreadcrumbList","@id":"https:\/\/www.fechy.com\/de\/produit\/garanoir-cote-aoc\/#breadcrumb","itemListElement":[{"@type":"ListItem","position":1,"name":"Accueil","item":"https:\/\/www.fechy.com\/de\/"},{"@type":"ListItem","position":2,"name":"Unsere Produkte","item":"https:\/\/www.fechy.com\/de\/unsere-produkte\/"},{"@type":"ListItem","position":3,"name":"Garanoir La C\u00f4te AOC"}]},{"@type":"WebSite","@id":"https:\/\/www.fechy.com\/de\/#website","url":"https:\/\/www.fechy.com\/de\/","name":"Cave de la Crausaz","description":"Bettems Fr\u00e8res SA - F\u00e9chy","potentialAction":[{"@type":"SearchAction","target":{"@type":"EntryPoint","urlTemplate":"https:\/\/www.fechy.com\/de\/?s={search_term_string}"},"query-input":{"@type":"PropertyValueSpecification","valueRequired":true,"valueName":"search_term_string"}}],"inLanguage":"de"}]}},"_links":{"self":[{"href":"https:\/\/www.fechy.com\/de\/wp-json\/wp\/v2\/product\/2444","targetHints":{"allow":["GET"]}}],"collection":[{"href":"https:\/\/www.fechy.com\/de\/wp-json\/wp\/v2\/product"}],"about":[{"href":"https:\/\/www.fechy.com\/de\/wp-json\/wp\/v2\/types\/product"}],"wp:featuredmedia":[{"embeddable":true,"href":"https:\/\/www.fechy.com\/de\/wp-json\/wp\/v2\/media\/2839"}],"wp:attachment":[{"href":"https:\/\/www.fechy.com\/de\/wp-json\/wp\/v2\/media?parent=2444"}],"wp:term":[{"taxonomy":"product_brand","embeddable":true,"href":"https:\/\/www.fechy.com\/de\/wp-json\/wp\/v2\/product_brand?post=2444"},{"taxonomy":"product_cat","embeddable":true,"href":"https:\/\/www.fechy.com\/de\/wp-json\/wp\/v2\/product_cat?post=2444"},{"taxonomy":"product_tag","embeddable":true,"href":"https:\/\/www.fechy.com\/de\/wp-json\/wp\/v2\/product_tag?post=2444"}],"curies":[{"name":"wp","href":"https:\/\/api.w.org\/{rel}","templated":true}]}}